{"id":155,"date":"2020-01-23T14:33:21","date_gmt":"2020-01-23T14:33:21","guid":{"rendered":"https:\/\/dogcare.ee\/?page_id=155"},"modified":"2026-04-08T19:44:57","modified_gmt":"2026-04-08T19:44:57","slug":"muud-teenused","status":"publish","type":"page","link":"https:\/\/dogcare.ee\/?page_id=155","title":{"rendered":"Koertehoid"},"content":{"rendered":"\n<p>Meil on hoius tavaliselt 1 v\u00f5i 2 koera!<\/p>\n\n\n\n<p>V\u00f5imalik ise teie koerale j\u00e4rgi tulla ja tagasi koju tuua. Transport 0,30 eurot km.<\/p>\n\n\n\n<p>\u00dche \u00f6\u00f6p\u00e4eva (kuni 24 tundi) hind hoius 30.- (p\u00fchade ja koolivaheaegade ajal 35.-)<\/p>\n\n\n\n<p>P\u00e4evahoid (kuni 12 tundi) 20.- (p\u00fchade ja koolivaheaegade ajal 25.-)<\/p>\n\n\n\n<p>Kutsikatele alla 9 kuu lisandub lisatasu 10.-<\/p>\n\n\n\n<p>\u00dche pere kaks koera ( kui nad on n\u00f5us \u00fches ruumis viibima) 45.- (p\u00fchade ja koolivaheaegade ajal 50.-).<\/p>\n\n\n\n<p>Kui on rohkem kui 2 \u00fche omaniku koera siis lisandub iga j\u00e4rgneva koera eest 20 eurot. (p\u00fchadel, koolivaheaegadel 25 eurot).<\/p>\n\n\n\n<p>Proovip\u00e4eva hind: \u00fcks p\u00e4ev ilma \u00f6\u00f6bimiseta (kuni 12 tundi) 30 eurot (\u00fche pere 2 koera 40 eurot). Proovip\u00e4ev kuni 24 tundi 40 eurot (\u00fche pere 2 koera 50 eurot).<\/p>\n\n\n\n<p>Broneerimisel tuleb tasuda ettemaks 20% hinnast. Kui teatatate oma broneeringust loobumisest 2 n\u00e4dalat ette siis tagastame ettemaksu.<\/p>\n\n\n\n<p>Tasumine O\u00dc Dogcare arvelduskontole<\/p>\n\n\n\n<p>EE372200221071424559<\/p>\n\n\n\n<p>V\u00f5imalik hoida nii \u00f5uekoeri kui toakoeri.<\/p>\n\n\n\n<p>Hoius on tavaliselt 1 v\u00f5i 2 koera. Hoian ka koeri kes teiste koertega l\u00e4bi ei saa. Samuti probleemseid koeri. Koertega tegeletakse meil aktiivselt. Jalutan, treenin, m\u00e4ngin jne. Saadan pilte ja videosid, reaalajas k\u00f5ned omaniku soovil. Abiks on ka minu t\u00e4iskasvanud t\u00fctar.<\/p>\n\n\n\n<p>Olemas oma suur aiaga piiratud m\u00e4ngu- ja treeningplats. Platsil toimuvad m\u00e4ngutunnid ja koertekoolid. Koeral oma tuba meie majas v\u00f5i soojakus kus on ka kaamera koera j\u00e4lgimiseks ja kuulamiseks. Ujumise v\u00f5imalus.<\/p>\n\n\n\n<p>Hoidu v\u00f5tame ainult vaktsineeritud koeri. Kui koeral on mingi terviseprobleem siis tuleb sellest meid teavitada. J\u00e4tame endale \u00f5iguse p\u00f6\u00f6rduda arsti poole kui koeral tekkib ootamatu terviseprobleem. Arve tasub omanik. Kaasa panna vetpass, oma toit, jalutusrihm ja tekk kodu l\u00f5hnaga.<\/p>\n","protected":false},"excerpt":{"rendered":"<p>Meil on hoius tavaliselt 1 v\u00f5i 2 koera! V\u00f5imalik ise teie koerale j\u00e4rgi tulla ja tagasi koju tuua. Transport 0,30 eurot km. \u00dche \u00f6\u00f6p\u00e4eva (kuni 24 tundi) hind hoius 30.- (p\u00fchade ja koolivaheaegade ajal 35.-) P\u00e4evahoid (kuni 12 tundi) 20.- &hellip; <a href=\"https:\/\/dogcare.ee\/?page_id=155\">J\u00e4tka lugemist <span class=\"meta-nav\">&rarr;<\/span><\/a><\/p>\n","protected":false},"author":1,"featured_media":0,"parent":0,"menu_order":0,"comment_status":"closed","ping_status":"closed","template":"","meta":{"footnotes":""},"class_list":["post-155","page","type-page","status-publish","hentry"],"_links":{"self":[{"href":"https:\/\/dogcare.ee\/index.php?rest_route=\/wp\/v2\/pages\/155","targetHints":{"allow":["GET"]}}],"collection":[{"href":"https:\/\/dogcare.ee\/index.php?rest_route=\/wp\/v2\/pages"}],"about":[{"href":"https:\/\/dogcare.ee\/index.php?rest_route=\/wp\/v2\/types\/page"}],"author":[{"embeddable":true,"href":"https:\/\/dogcare.ee\/index.php?rest_route=\/wp\/v2\/users\/1"}],"replies":[{"embeddable":true,"href":"https:\/\/dogcare.ee\/index.php?rest_route=%2Fwp%2Fv2%2Fcomments&post=155"}],"version-history":[{"count":22,"href":"https:\/\/dogcare.ee\/index.php?rest_route=\/wp\/v2\/pages\/155\/revisions"}],"predecessor-version":[{"id":574,"href":"https:\/\/dogcare.ee\/index.php?rest_route=\/wp\/v2\/pages\/155\/revisions\/574"}],"wp:attachment":[{"href":"https:\/\/dogcare.ee\/index.php?rest_route=%2Fwp%2Fv2%2Fmedia&parent=155"}],"curies":[{"name":"wp","href":"https:\/\/api.w.org\/{rel}","templated":true}]}}