{"id":27,"date":"2020-01-21T20:39:31","date_gmt":"2020-01-21T20:39:31","guid":{"rendered":"https:\/\/dogcare.ee\/?page_id=27"},"modified":"2023-07-02T20:21:46","modified_gmt":"2023-07-02T20:21:46","slug":"kontakt","status":"publish","type":"page","link":"https:\/\/dogcare.ee\/?page_id=27","title":{"rendered":"Kontakt"},"content":{"rendered":"\n<p>Muti k\u00fcla koerteplats<br> Muti k\u00fcla Tori vald<br>P\u00e4rnumaa 86811 <\/p>\n\n\n\n<p class=\"has-text-align-left\">O\u00dc Dogcare <br>Swedbank<br>EE372200221071424559 <br><br>E-post gullikaunissaar@gmail.com<br>Tel   +372 51 59 804<\/p>\n\n\n\n<p class=\"has-text-align-left\">Facebooki leht  <a href=\"https:\/\/www.facebook.com\/mutikulakoerteplats\">https:\/\/www.facebook.com\/mutikulakoerteplats<\/a><\/p>\n\n\n\n<p class=\"has-text-align-left\"><br><br><\/p>\n","protected":false},"excerpt":{"rendered":"<p>Muti k\u00fcla koerteplats Muti k\u00fcla Tori valdP\u00e4rnumaa 86811 O\u00dc Dogcare SwedbankEE372200221071424559 E-post gullikaunissaar@gmail.comTel +372 51 59 804 Facebooki leht https:\/\/www.facebook.com\/mutikulakoerteplats<\/p>\n","protected":false},"author":1,"featured_media":0,"parent":0,"menu_order":0,"comment_status":"closed","ping_status":"closed","template":"","meta":{"footnotes":""},"class_list":["post-27","page","type-page","status-publish","hentry"],"_links":{"self":[{"href":"https:\/\/dogcare.ee\/index.php?rest_route=\/wp\/v2\/pages\/27","targetHints":{"allow":["GET"]}}],"collection":[{"href":"https:\/\/dogcare.ee\/index.php?rest_route=\/wp\/v2\/pages"}],"about":[{"href":"https:\/\/dogcare.ee\/index.php?rest_route=\/wp\/v2\/types\/page"}],"author":[{"embeddable":true,"href":"https:\/\/dogcare.ee\/index.php?rest_route=\/wp\/v2\/users\/1"}],"replies":[{"embeddable":true,"href":"https:\/\/dogcare.ee\/index.php?rest_route=%2Fwp%2Fv2%2Fcomments&post=27"}],"version-history":[{"count":10,"href":"https:\/\/dogcare.ee\/index.php?rest_route=\/wp\/v2\/pages\/27\/revisions"}],"predecessor-version":[{"id":562,"href":"https:\/\/dogcare.ee\/index.php?rest_route=\/wp\/v2\/pages\/27\/revisions\/562"}],"wp:attachment":[{"href":"https:\/\/dogcare.ee\/index.php?rest_route=%2Fwp%2Fv2%2Fmedia&parent=27"}],"curies":[{"name":"wp","href":"https:\/\/api.w.org\/{rel}","templated":true}]}}