{"id":31,"date":"2020-01-21T20:45:26","date_gmt":"2020-01-21T20:45:26","guid":{"rendered":"https:\/\/dogcare.ee\/?page_id=31"},"modified":"2022-10-11T18:51:07","modified_gmt":"2022-10-11T18:51:07","slug":"kodukord","status":"publish","type":"page","link":"https:\/\/dogcare.ee\/?page_id=31","title":{"rendered":"Kodukord"},"content":{"rendered":"\n<ul class=\"wp-block-list\"><li>K\u00f5ik koerad peavad olema vaktsineeritud<\/li><li>Palun korista oma koera j\u00e4rel<\/li><li>Platsile tohib minna vaid platsi broneerinud isik (isikud) oma loomaga (loomadega)<\/li><li>Takistused on m\u00f5eldud ainult loomadele<\/li><li>Kindlasti lepi aeg omanikuga kokku<\/li><li>Lukusta v\u00e4rav kuna koer v\u00f5ib lingi lahti h\u00fcpata<\/li><\/ul>\n","protected":false},"excerpt":{"rendered":"<p>K\u00f5ik koerad peavad olema vaktsineeritud Palun korista oma koera j\u00e4rel Platsile tohib minna vaid platsi broneerinud isik (isikud) oma loomaga (loomadega) Takistused on m\u00f5eldud ainult loomadele Kindlasti lepi aeg omanikuga kokku Lukusta v\u00e4rav kuna koer v\u00f5ib lingi lahti h\u00fcpata<\/p>\n","protected":false},"author":1,"featured_media":0,"parent":0,"menu_order":0,"comment_status":"closed","ping_status":"closed","template":"","meta":{"footnotes":""},"class_list":["post-31","page","type-page","status-publish","hentry"],"_links":{"self":[{"href":"https:\/\/dogcare.ee\/index.php?rest_route=\/wp\/v2\/pages\/31","targetHints":{"allow":["GET"]}}],"collection":[{"href":"https:\/\/dogcare.ee\/index.php?rest_route=\/wp\/v2\/pages"}],"about":[{"href":"https:\/\/dogcare.ee\/index.php?rest_route=\/wp\/v2\/types\/page"}],"author":[{"embeddable":true,"href":"https:\/\/dogcare.ee\/index.php?rest_route=\/wp\/v2\/users\/1"}],"replies":[{"embeddable":true,"href":"https:\/\/dogcare.ee\/index.php?rest_route=%2Fwp%2Fv2%2Fcomments&post=31"}],"version-history":[{"count":5,"href":"https:\/\/dogcare.ee\/index.php?rest_route=\/wp\/v2\/pages\/31\/revisions"}],"predecessor-version":[{"id":541,"href":"https:\/\/dogcare.ee\/index.php?rest_route=\/wp\/v2\/pages\/31\/revisions\/541"}],"wp:attachment":[{"href":"https:\/\/dogcare.ee\/index.php?rest_route=%2Fwp%2Fv2%2Fmedia&parent=31"}],"curies":[{"name":"wp","href":"https:\/\/api.w.org\/{rel}","templated":true}]}}